{"id":62,"date":"2021-11-13T22:02:55","date_gmt":"2021-11-13T22:02:55","guid":{"rendered":"https:\/\/coiffu.com\/?page_id=62"},"modified":"2021-11-20T17:26:18","modified_gmt":"2021-11-20T17:26:18","slug":"inicio","status":"publish","type":"page","link":"https:\/\/coiffu.com\/","title":{"rendered":"COIFFU INVESTMENTS"},"content":{"rendered":"\n<figure class=\"wp-block-image size-full is-style-rounded\"><img loading=\"lazy\" decoding=\"async\" width=\"792\" height=\"258\" src=\"https:\/\/coiffu.com\/wp-content\/uploads\/2021\/11\/2021-11-20-18_20_42-Window.png\" alt=\"\" class=\"wp-image-84\" srcset=\"https:\/\/coiffu.com\/wp-content\/uploads\/2021\/11\/2021-11-20-18_20_42-Window.png 792w, https:\/\/coiffu.com\/wp-content\/uploads\/2021\/11\/2021-11-20-18_20_42-Window-300x98.png 300w, https:\/\/coiffu.com\/wp-content\/uploads\/2021\/11\/2021-11-20-18_20_42-Window-768x250.png 768w\" sizes=\"auto, (max-width: 706px) 89vw, (max-width: 767px) 82vw, 740px\" \/><\/figure>\n\n\n\n<p class=\"has-text-align-center\">Porque&nbsp;<strong>t\u00fa<\/strong>&nbsp;crees en ti.<br>Porque&nbsp;<strong>te<\/strong>&nbsp;arriesgas. Porque&nbsp;<strong>t\u00fa<\/strong>&nbsp;tienes ganas.<br>Porque&nbsp;<strong>te<\/strong>&nbsp;esfuerzas. Madrugas y&nbsp;<strong>te<\/strong>&nbsp;acuestas tarde.<br>Hoy, ma\u00f1ana y los d\u00edas que haga falta.<br><br>Tenaces. Abnegados. Incansables.<br>Perseverantes. Trabajadores. Emprendedores.<\/p>\n\n\n\n<p class=\"has-text-align-center\">En Coiffu, queremos ser siempre los primeros en apoyar<br>a las personas que persiguen sus sue\u00f1os.<\/p>\n\n\n\n<p class=\"has-text-align-center\"><strong>Coiffu, por ti los mejores.<\/strong><\/p>\n\n\n\n<p class=\"has-text-align-center\">Por ti.<br>Porque T\u00da, porque TE&#8230;<\/p>\n","protected":false},"excerpt":{"rendered":"<p>Porque&nbsp;t\u00fa&nbsp;crees en ti.Porque&nbsp;te&nbsp;arriesgas. Porque&nbsp;t\u00fa&nbsp;tienes ganas.Porque&nbsp;te&nbsp;esfuerzas. Madrugas y&nbsp;te&nbsp;acuestas tarde.Hoy, ma\u00f1ana y los d\u00edas que haga falta. Tenaces. Abnegados. Incansables.Perseverantes. Trabajadores. Emprendedores. En Coiffu, queremos ser siempre los primeros en apoyara las personas que persiguen sus sue\u00f1os. Coiffu, por ti los mejores. Por ti.Porque T\u00da, porque TE&#8230;<\/p>\n","protected":false},"author":1,"featured_media":0,"parent":0,"menu_order":0,"comment_status":"closed","ping_status":"closed","template":"","meta":{"footnotes":""},"class_list":["post-62","page","type-page","status-publish","hentry"],"_links":{"self":[{"href":"https:\/\/coiffu.com\/index.php?rest_route=\/wp\/v2\/pages\/62","targetHints":{"allow":["GET"]}}],"collection":[{"href":"https:\/\/coiffu.com\/index.php?rest_route=\/wp\/v2\/pages"}],"about":[{"href":"https:\/\/coiffu.com\/index.php?rest_route=\/wp\/v2\/types\/page"}],"author":[{"embeddable":true,"href":"https:\/\/coiffu.com\/index.php?rest_route=\/wp\/v2\/users\/1"}],"replies":[{"embeddable":true,"href":"https:\/\/coiffu.com\/index.php?rest_route=%2Fwp%2Fv2%2Fcomments&post=62"}],"version-history":[{"count":4,"href":"https:\/\/coiffu.com\/index.php?rest_route=\/wp\/v2\/pages\/62\/revisions"}],"predecessor-version":[{"id":87,"href":"https:\/\/coiffu.com\/index.php?rest_route=\/wp\/v2\/pages\/62\/revisions\/87"}],"wp:attachment":[{"href":"https:\/\/coiffu.com\/index.php?rest_route=%2Fwp%2Fv2%2Fmedia&parent=62"}],"curies":[{"name":"wp","href":"https:\/\/api.w.org\/{rel}","templated":true}]}}