{"id":40,"date":"2021-11-13T18:58:05","date_gmt":"2021-11-13T18:58:05","guid":{"rendered":"https:\/\/coiffu.com\/?page_id=40"},"modified":"2021-11-20T17:28:12","modified_gmt":"2021-11-20T17:28:12","slug":"quienes-somos","status":"publish","type":"page","link":"https:\/\/coiffu.com\/?page_id=40","title":{"rendered":"Quienes somos"},"content":{"rendered":"\n<p><img loading=\"lazy\" decoding=\"async\" width=\"500\" height=\"220\" class=\"wp-image-70\" style=\"width: 500px;\" src=\"https:\/\/coiffu.com\/wp-content\/uploads\/2021\/11\/indice.jpg\" alt=\"\" srcset=\"https:\/\/coiffu.com\/wp-content\/uploads\/2021\/11\/indice.jpg 339w, https:\/\/coiffu.com\/wp-content\/uploads\/2021\/11\/indice-300x132.jpg 300w\" sizes=\"auto, (max-width: 500px) 100vw, 500px\" \/><\/p>\n\n\n\n<p>Somos un concepto diferente, basado en el amor y uni\u00f3n, cargados de sue\u00f1os apoyados en la fe y en la convicci\u00f3n que todo es posible si tan s\u00f3lo creemos.<\/p>\n\n\n\n<p>Estamos preparados para enfrentar grandes retos que arrojar\u00e1n estupendos beneficios y satisfacciones a este grupo.<\/p>\n","protected":false},"excerpt":{"rendered":"<p>Somos un concepto diferente, basado en el amor y uni\u00f3n, cargados de sue\u00f1os apoyados en la fe y en la convicci\u00f3n que todo es posible si tan s\u00f3lo creemos. Estamos preparados para enfrentar grandes retos que arrojar\u00e1n estupendos beneficios y satisfacciones a este grupo.<\/p>\n","protected":false},"author":1,"featured_media":0,"parent":0,"menu_order":0,"comment_status":"closed","ping_status":"closed","template":"","meta":{"footnotes":""},"class_list":["post-40","page","type-page","status-publish","hentry"],"_links":{"self":[{"href":"https:\/\/coiffu.com\/index.php?rest_route=\/wp\/v2\/pages\/40","targetHints":{"allow":["GET"]}}],"collection":[{"href":"https:\/\/coiffu.com\/index.php?rest_route=\/wp\/v2\/pages"}],"about":[{"href":"https:\/\/coiffu.com\/index.php?rest_route=\/wp\/v2\/types\/page"}],"author":[{"embeddable":true,"href":"https:\/\/coiffu.com\/index.php?rest_route=\/wp\/v2\/users\/1"}],"replies":[{"embeddable":true,"href":"https:\/\/coiffu.com\/index.php?rest_route=%2Fwp%2Fv2%2Fcomments&post=40"}],"version-history":[{"count":5,"href":"https:\/\/coiffu.com\/index.php?rest_route=\/wp\/v2\/pages\/40\/revisions"}],"predecessor-version":[{"id":88,"href":"https:\/\/coiffu.com\/index.php?rest_route=\/wp\/v2\/pages\/40\/revisions\/88"}],"wp:attachment":[{"href":"https:\/\/coiffu.com\/index.php?rest_route=%2Fwp%2Fv2%2Fmedia&parent=40"}],"curies":[{"name":"wp","href":"https:\/\/api.w.org\/{rel}","templated":true}]}}